{"id":643,"date":"2024-01-08T08:59:59","date_gmt":"2024-01-08T07:59:59","guid":{"rendered":"http:\/\/neu24.xn--fischer-mnster-osb.de\/?page_id=643"},"modified":"2024-01-10T09:48:35","modified_gmt":"2024-01-10T08:48:35","slug":"gerhard-fischer-muenster","status":"publish","type":"page","link":"https:\/\/neu24.fischer-m\u00fcnster.de\/","title":{"rendered":"Gerhard Fischer-M\u00fcnster"},"content":{"rendered":"\t\t<div data-elementor-type=\"wp-page\" data-elementor-id=\"643\" class=\"elementor elementor-643\" data-elementor-post-type=\"page\">\n\t\t\t\t<div class=\"elementor-element elementor-element-6af1a38 e-con-full e-flex e-con e-parent\" data-id=\"6af1a38\" data-element_type=\"container\" data-settings=\"{&quot;background_background&quot;:&quot;classic&quot;,&quot;background_motion_fx_motion_fx_scrolling&quot;:&quot;yes&quot;,&quot;background_motion_fx_translateY_effect&quot;:&quot;yes&quot;,&quot;background_motion_fx_translateY_speed&quot;:{&quot;unit&quot;:&quot;px&quot;,&quot;size&quot;:5.9,&quot;sizes&quot;:[]},&quot;background_motion_fx_scale_effect&quot;:&quot;yes&quot;,&quot;background_motion_fx_scale_range&quot;:{&quot;unit&quot;:&quot;%&quot;,&quot;size&quot;:&quot;&quot;,&quot;sizes&quot;:{&quot;start&quot;:10,&quot;end&quot;:100}},&quot;background_motion_fx_range&quot;:&quot;viewport&quot;,&quot;background_motion_fx_translateY_affectedRange&quot;:{&quot;unit&quot;:&quot;%&quot;,&quot;size&quot;:&quot;&quot;,&quot;sizes&quot;:{&quot;start&quot;:0,&quot;end&quot;:100}},&quot;background_motion_fx_scale_direction&quot;:&quot;out-in&quot;,&quot;background_motion_fx_scale_speed&quot;:{&quot;unit&quot;:&quot;px&quot;,&quot;size&quot;:4,&quot;sizes&quot;:[]},&quot;background_motion_fx_devices&quot;:[&quot;desktop&quot;,&quot;tablet&quot;,&quot;mobile&quot;]}\">\n\t\t\t\t<div class=\"elementor-element elementor-element-82b319d elementor-widget elementor-widget-heading\" data-id=\"82b319d\" data-element_type=\"widget\" data-widget_type=\"heading.default\">\n\t\t\t\t<div class=\"elementor-widget-container\">\n\t\t\t<style>\/*! elementor - v3.21.0 - 26-05-2024 *\/\n.elementor-heading-title{padding:0;margin:0;line-height:1}.elementor-widget-heading .elementor-heading-title[class*=elementor-size-]>a{color:inherit;font-size:inherit;line-height:inherit}.elementor-widget-heading .elementor-heading-title.elementor-size-small{font-size:15px}.elementor-widget-heading .elementor-heading-title.elementor-size-medium{font-size:19px}.elementor-widget-heading .elementor-heading-title.elementor-size-large{font-size:29px}.elementor-widget-heading .elementor-heading-title.elementor-size-xl{font-size:39px}.elementor-widget-heading .elementor-heading-title.elementor-size-xxl{font-size:59px}<\/style><h2 class=\"elementor-heading-title elementor-size-default\">Gerhard Fischer-M\u00fcnster<\/h2>\t\t<\/div>\n\t\t\t\t<\/div>\n\t\t\t\t<div class=\"elementor-element elementor-element-6ed13ae elementor-widget elementor-widget-heading\" data-id=\"6ed13ae\" data-element_type=\"widget\" data-widget_type=\"heading.default\">\n\t\t\t\t<div class=\"elementor-widget-container\">\n\t\t\t<h2 class=\"elementor-heading-title elementor-size-default\">Ein Zeitgen\u00f6ssischer Komponist<\/h2>\t\t<\/div>\n\t\t\t\t<\/div>\n\t\t\t\t<\/div>\n\t\t<div class=\"elementor-element elementor-element-d35ffe1 e-flex e-con-boxed e-con e-parent\" data-id=\"d35ffe1\" data-element_type=\"container\">\n\t\t\t\t\t<div class=\"e-con-inner\">\n\t\t\t\t<div class=\"elementor-element elementor-element-4a29ee1 elementor-widget elementor-widget-spacer\" data-id=\"4a29ee1\" data-element_type=\"widget\" data-widget_type=\"spacer.default\">\n\t\t\t\t<div class=\"elementor-widget-container\">\n\t\t\t<style>\/*! elementor - v3.21.0 - 26-05-2024 *\/\n.elementor-column .elementor-spacer-inner{height:var(--spacer-size)}.e-con{--container-widget-width:100%}.e-con-inner>.elementor-widget-spacer,.e-con>.elementor-widget-spacer{width:var(--container-widget-width,var(--spacer-size));--align-self:var(--container-widget-align-self,initial);--flex-shrink:0}.e-con-inner>.elementor-widget-spacer>.elementor-widget-container,.e-con>.elementor-widget-spacer>.elementor-widget-container{height:100%;width:100%}.e-con-inner>.elementor-widget-spacer>.elementor-widget-container>.elementor-spacer,.e-con>.elementor-widget-spacer>.elementor-widget-container>.elementor-spacer{height:100%}.e-con-inner>.elementor-widget-spacer>.elementor-widget-container>.elementor-spacer>.elementor-spacer-inner,.e-con>.elementor-widget-spacer>.elementor-widget-container>.elementor-spacer>.elementor-spacer-inner{height:var(--container-widget-height,var(--spacer-size))}.e-con-inner>.elementor-widget-spacer.elementor-widget-empty,.e-con>.elementor-widget-spacer.elementor-widget-empty{position:relative;min-height:22px;min-width:22px}.e-con-inner>.elementor-widget-spacer.elementor-widget-empty .elementor-widget-empty-icon,.e-con>.elementor-widget-spacer.elementor-widget-empty .elementor-widget-empty-icon{position:absolute;top:0;bottom:0;left:0;right:0;margin:auto;padding:0;width:22px;height:22px}<\/style>\t\t<div class=\"elementor-spacer\">\n\t\t\t<div class=\"elementor-spacer-inner\"><\/div>\n\t\t<\/div>\n\t\t\t\t<\/div>\n\t\t\t\t<\/div>\n\t\t\t\t\t<\/div>\n\t\t\t\t<\/div>\n\t\t<div class=\"elementor-element elementor-element-42fd9f6 e-con-full e-flex e-con e-parent\" data-id=\"42fd9f6\" data-element_type=\"container\">\n\t\t\t\t<div class=\"elementor-element elementor-element-db92642 elementor-widget__width-initial elementor-widget elementor-widget-image\" data-id=\"db92642\" data-element_type=\"widget\" data-widget_type=\"image.default\">\n\t\t\t\t<div class=\"elementor-widget-container\">\n\t\t\t<style>\/*! elementor - v3.21.0 - 26-05-2024 *\/\n.elementor-widget-image{text-align:center}.elementor-widget-image a{display:inline-block}.elementor-widget-image a img[src$=\".svg\"]{width:48px}.elementor-widget-image img{vertical-align:middle;display:inline-block}<\/style>\t\t\t\t\t\t\t<figure class=\"wp-caption\">\n\t\t\t\t\t\t\t\t\t\t<img fetchpriority=\"high\" decoding=\"async\" width=\"298\" height=\"428\" src=\"https:\/\/neu24.fischer-m\u00fcnster.de\/wp-content\/uploads\/2024\/01\/gfm.jpg\" class=\"attachment-large size-large wp-image-638\" alt=\"Portrait\" srcset=\"https:\/\/neu24.fischer-m\u00fcnster.de\/wp-content\/uploads\/2024\/01\/gfm.jpg 298w, https:\/\/neu24.fischer-m\u00fcnster.de\/wp-content\/uploads\/2024\/01\/gfm-209x300.jpg 209w\" sizes=\"(max-width: 298px) 100vw, 298px\" \/>\t\t\t\t\t\t\t\t\t\t\t<figcaption class=\"widget-image-caption wp-caption-text\">Gerhard Fischer-M\u00fcnster, Komponist<\/figcaption>\n\t\t\t\t\t\t\t\t\t\t<\/figure>\n\t\t\t\t\t\t\t<\/div>\n\t\t\t\t<\/div>\n\t\t\t\t<div class=\"elementor-element elementor-element-e0175f1 elementor-widget elementor-widget-text-editor\" data-id=\"e0175f1\" data-element_type=\"widget\" data-widget_type=\"text-editor.default\">\n\t\t\t\t<div class=\"elementor-widget-container\">\n\t\t\t<style>\/*! elementor - v3.21.0 - 26-05-2024 *\/\n.elementor-widget-text-editor.elementor-drop-cap-view-stacked .elementor-drop-cap{background-color:#69727d;color:#fff}.elementor-widget-text-editor.elementor-drop-cap-view-framed .elementor-drop-cap{color:#69727d;border:3px solid;background-color:transparent}.elementor-widget-text-editor:not(.elementor-drop-cap-view-default) .elementor-drop-cap{margin-top:8px}.elementor-widget-text-editor:not(.elementor-drop-cap-view-default) .elementor-drop-cap-letter{width:1em;height:1em}.elementor-widget-text-editor .elementor-drop-cap{float:left;text-align:center;line-height:1;font-size:50px}.elementor-widget-text-editor .elementor-drop-cap-letter{display:inline-block}<\/style>\t\t\t\t<h2>Profil<\/h2><p><strong>Komponist:<\/strong>\u00a05 Sinfonien, Orchesterwerke, Kammermusik, Ballettmusik, Schauspielmusik, Vokalwerke. Der eigenwillige Kompositionsstil ist teils durch Ironie und Satire, teils durch philosophische und humanistische Inhalte charakterisiert. Aufgewachsen im musikalischen Elternhaus (Vater Komponist Theo Fischer, Gro\u00dfvater Musiklehrer Theodor Fischer). Gedankenaustausch mit namhaften Komponisten wie Jean Fran\u00e7aix, Kurt Hessenberg, Gottfried von Einem, Oscar Sala und vielen anderen festigte seinen Kompositionsstil. Auff\u00fchrungen bei internationalen Festivals in USA, Kanada, Japan, Monaco, Luxemburg, Schweiz, \u00d6sterreich, Litauen, Norwegen, England, Holland, Frankreich, Kambodscha. Inspirationen findet er in Kunst, Literatur, Wissenschaft und der Natur.<\/p><p>Von 1975 bis 2017\u00a0<strong>Dozent<\/strong>\u00a0am Peter-Cornelius-Konservatorium Mainz (Klarinette, Komposition, Klavierimprovisation, Gr\u00fcnder und Leiter des Sinfonischen Blasorchesters, Gr\u00fcnder und Leiter des Bl\u00e4serensembles). Gastdozent an verschiedenen Instituten (z.B. Universit\u00e4t Mainz).<br \/><strong>Konzertt\u00e4tigkeit<\/strong>\u00a0als Dirigent, Pianist, Klarinettist \u00fcberwiegend mit eigenen Werken.<br \/><strong>Musikwissenschaftliche Arbeit<\/strong>\u00a0\u00fcber physikalisch &#8211; musikalisch &#8211; historische Zusammenh\u00e4nge (\u201eHarmonie aus dem Einklang\u201c).<br \/><strong>F\u00f6rderung<\/strong>\u00a0von hochbegabten KomponistInnen; Herausgeber der Reihe \u201eKomponisten-Atelier\u201c mit Kompositionen seiner Kompositionssch\u00fclerInnen des Konservatoriums (Loosmann Musikverlag).<br \/><strong>Juror<\/strong>\u00a0bei Musikwettbewerben.<br \/><strong>Mitarbeit<\/strong>\u00a0an kompositionsp\u00e4dagogischen Projekten und an Instrumental-Lehrpl\u00e4nen.<br \/><strong>Produktionen \/ Sendungen<\/strong>\u00a0bei fast allen deutschen Sendern &#8211; Radio DRS Schweiz &#8211; Belgischer Rundfunk &#8211; Radio France &#8211; FSW Italien &#8211; RGW Italien &#8211; TV T\u00fcrkei &#8211; weitere Sender in Europa und \u00dcbersee.<br \/><strong>Literatur \u00fcber<\/strong>\u00a0Fischer-M\u00fcnster in zahlreichen Lexika und \u201eWer ist Wer\u201c \/ \u201eWho&#8217;s Who\u201c. Werkbesprechungen und Analysen an internationalen Instituten; \u201eKomponisten der Nahe-Region\u201c (Dissertation Prof. Dr. Helmut Freitag, Universit\u00e4t Saarbr\u00fccken \/ Mannheim).<br \/><strong>Verlage<\/strong>: Loosmann, Thomi-Berg, Tonger, Halter, schmidmusic, Intermezzo Berlin, DTKV.<\/p>\t\t\t\t\t\t<\/div>\n\t\t\t\t<\/div>\n\t\t\t\t<\/div>\n\t\t<div class=\"elementor-element elementor-element-9d34e17 e-flex e-con-boxed e-con e-parent\" data-id=\"9d34e17\" data-element_type=\"container\">\n\t\t\t\t\t<div class=\"e-con-inner\">\n\t\t\t\t<div class=\"elementor-element elementor-element-67bd02d elementor-widget elementor-widget-counter\" data-id=\"67bd02d\" data-element_type=\"widget\" data-widget_type=\"counter.default\">\n\t\t\t\t<div class=\"elementor-widget-container\">\n\t\t\t<style>\/*! elementor - v3.21.0 - 26-05-2024 *\/\n.elementor-counter{display:flex;justify-content:center;align-items:stretch;flex-direction:column-reverse}.elementor-counter .elementor-counter-number{flex-grow:var(--counter-number-grow,0)}.elementor-counter .elementor-counter-number-wrapper{flex:1;display:flex;font-size:69px;font-weight:600;line-height:1;text-align:center}.elementor-counter .elementor-counter-number-prefix{text-align:end;flex-grow:var(--counter-prefix-grow,1);white-space:pre-wrap}.elementor-counter .elementor-counter-number-suffix{text-align:start;flex-grow:var(--counter-suffix-grow,1);white-space:pre-wrap}.elementor-counter .elementor-counter-title{flex:1;display:flex;justify-content:center;align-items:center;margin:0;padding:0;font-size:19px;font-weight:400;line-height:2.5}<\/style>\t\t<div class=\"elementor-counter\">\n\t\t\t<div class=\"elementor-counter-title\">Werke<\/div>\t\t\t<div class=\"elementor-counter-number-wrapper\">\n\t\t\t\t<span class=\"elementor-counter-number-prefix\"><\/span>\n\t\t\t\t<span class=\"elementor-counter-number\" data-duration=\"2000\" data-to-value=\"525\" data-from-value=\"0\" data-delimiter=\",\">0<\/span>\n\t\t\t\t<span class=\"elementor-counter-number-suffix\">+<\/span>\n\t\t\t<\/div>\n\t\t<\/div>\n\t\t\t\t<\/div>\n\t\t\t\t<\/div>\n\t\t\t\t<div class=\"elementor-element elementor-element-5eda910 elementor-align-center elementor-widget elementor-widget-button\" data-id=\"5eda910\" data-element_type=\"widget\" data-widget_type=\"button.default\">\n\t\t\t\t<div class=\"elementor-widget-container\">\n\t\t\t\t\t<div class=\"elementor-button-wrapper\">\n\t\t\t<a class=\"elementor-button elementor-button-link elementor-size-sm\" href=\"http:\/\/neu24.xn--fischer-mnster-osb.de\/?page_id=589\">\n\t\t\t\t\t\t<span class=\"elementor-button-content-wrapper\">\n\t\t\t\t\t\t\t\t\t<span class=\"elementor-button-text\">Werkverzeichnis<\/span>\n\t\t\t\t\t<\/span>\n\t\t\t\t\t<\/a>\n\t\t<\/div>\n\t\t\t\t<\/div>\n\t\t\t\t<\/div>\n\t\t\t\t\t<\/div>\n\t\t\t\t<\/div>\n\t\t\t\t<\/div>\n\t\t","protected":false},"excerpt":{"rendered":"<p>Gerhard Fischer-M\u00fcnster Ein Zeitgen\u00f6ssischer Komponist Gerhard Fischer-M\u00fcnster, Komponist Profil Komponist:\u00a05 Sinfonien, Orchesterwerke, Kammermusik, Ballettmusik, Schauspielmusik, Vokalwerke. Der eigenwillige Kompositionsstil ist teils durch Ironie und Satire, teils durch philosophische und humanistische Inhalte charakterisiert. Aufgewachsen im musikalischen Elternhaus (Vater Komponist Theo Fischer, Gro\u00dfvater Musiklehrer Theodor Fischer). Gedankenaustausch mit namhaften Komponisten wie Jean Fran\u00e7aix, Kurt Hessenberg, Gottfried von [&hellip;]<\/p>\n","protected":false},"author":1,"featured_media":0,"parent":0,"menu_order":0,"comment_status":"closed","ping_status":"closed","template":"elementor_header_footer","meta":{"_acf_changed":false,"footnotes":""},"acf":[],"_links":{"self":[{"href":"https:\/\/neu24.fischer-m\u00fcnster.de\/index.php?rest_route=\/wp\/v2\/pages\/643"}],"collection":[{"href":"https:\/\/neu24.fischer-m\u00fcnster.de\/index.php?rest_route=\/wp\/v2\/pages"}],"about":[{"href":"https:\/\/neu24.fischer-m\u00fcnster.de\/index.php?rest_route=\/wp\/v2\/types\/page"}],"author":[{"embeddable":true,"href":"https:\/\/neu24.fischer-m\u00fcnster.de\/index.php?rest_route=\/wp\/v2\/users\/1"}],"replies":[{"embeddable":true,"href":"https:\/\/neu24.fischer-m\u00fcnster.de\/index.php?rest_route=%2Fwp%2Fv2%2Fcomments&post=643"}],"version-history":[{"count":34,"href":"https:\/\/neu24.fischer-m\u00fcnster.de\/index.php?rest_route=\/wp\/v2\/pages\/643\/revisions"}],"predecessor-version":[{"id":745,"href":"https:\/\/neu24.fischer-m\u00fcnster.de\/index.php?rest_route=\/wp\/v2\/pages\/643\/revisions\/745"}],"wp:attachment":[{"href":"https:\/\/neu24.fischer-m\u00fcnster.de\/index.php?rest_route=%2Fwp%2Fv2%2Fmedia&parent=643"}],"curies":[{"name":"wp","href":"https:\/\/api.w.org\/{rel}","templated":true}]}}